{"id":2386,"date":"2022-12-03T07:38:46","date_gmt":"2022-12-03T07:38:46","guid":{"rendered":"https:\/\/africansmartphonefilmfest.com\/African-Smartphone-International-Film-Festival\/?page_id=2386"},"modified":"2022-12-03T07:38:48","modified_gmt":"2022-12-03T07:38:48","slug":"eli-nazik","status":"publish","type":"page","link":"https:\/\/africansmartphonefilmfest.com\/African-Smartphone-International-Film-Festival\/eli-nazik\/","title":{"rendered":"Eli Nazik"},"content":{"rendered":"\n<h5 class=\"wp-block-heading\">Directed by Mehmet T\u0131\u011fl\u0131 | Country of Origin: Turkey | Runtime: 7:51 | Short Film <\/h5>\n\n\n\n<p>Eli Nazik is a short film which was shot on smart phone. Eli Nazik is a delicious Turkish dish. It also means &#8216;gentle hand&#8217;. Saliha lives in a poor district, shoots food recipe videos with her daughter Derya and posts them on their social media channel called &#8220;Mother and Daughter&#8221;. On all of these videos that they shoot for money, hidden from her husband, Saliha&#8217;s hands are to be seen only. During the shoots of the &#8220;Eli Nazik&#8221; video, her husband comes home from the village before the expected time, and the tragic truths get revealed.<\/p>\n\n\n\n<p><strong>Director Biography &#8211;\u00a0Mehmet T\u0131\u011fl\u0131<\/strong><a href=\"https:\/\/filmfreeway-production-storage-01-storage.filmfreeway.com\/press_kits\/headshots\/001\/960\/887\/original\/553fa3cec8-headshot.jpg?1638665760\"><\/a><\/p>\n\n\n\n<p>Mehmet T\u0131\u011fl\u0131 was born in \u0130stanbul in 1970. He graduated from Marmara University in 1991. He completed cinema courses at \u0130FSAK in 1989. He won best screenplay awards of Orhon Murat Ar\u0131burnu National Art Awards in 1992 and 1993. Mehmet T\u0131\u011fl\u0131 is also Marketing and Communication lecturer at Marmara University since 1993. His fifth short film Sycamore is the most award winning film of Turkish short film history.<br>Eli Nazik is the seventh short film of Mehmet T\u0131\u011fl\u0131.<\/p>\n","protected":false},"excerpt":{"rendered":"<p>Directed by Mehmet T\u0131\u011fl\u0131 | Country of Origin: Turkey | Runtime: 7:51 | Short Film Eli Nazik is a short film which was shot on [&hellip;]<\/p>\n","protected":false},"author":1,"featured_media":2387,"parent":0,"menu_order":0,"comment_status":"closed","ping_status":"closed","template":"","meta":{"footnotes":""},"class_list":["post-2386","page","type-page","status-publish","has-post-thumbnail","hentry"],"_links":{"self":[{"href":"https:\/\/africansmartphonefilmfest.com\/African-Smartphone-International-Film-Festival\/wp-json\/wp\/v2\/pages\/2386","targetHints":{"allow":["GET"]}}],"collection":[{"href":"https:\/\/africansmartphonefilmfest.com\/African-Smartphone-International-Film-Festival\/wp-json\/wp\/v2\/pages"}],"about":[{"href":"https:\/\/africansmartphonefilmfest.com\/African-Smartphone-International-Film-Festival\/wp-json\/wp\/v2\/types\/page"}],"author":[{"embeddable":true,"href":"https:\/\/africansmartphonefilmfest.com\/African-Smartphone-International-Film-Festival\/wp-json\/wp\/v2\/users\/1"}],"replies":[{"embeddable":true,"href":"https:\/\/africansmartphonefilmfest.com\/African-Smartphone-International-Film-Festival\/wp-json\/wp\/v2\/comments?post=2386"}],"version-history":[{"count":1,"href":"https:\/\/africansmartphonefilmfest.com\/African-Smartphone-International-Film-Festival\/wp-json\/wp\/v2\/pages\/2386\/revisions"}],"predecessor-version":[{"id":2388,"href":"https:\/\/africansmartphonefilmfest.com\/African-Smartphone-International-Film-Festival\/wp-json\/wp\/v2\/pages\/2386\/revisions\/2388"}],"wp:featuredmedia":[{"embeddable":true,"href":"https:\/\/africansmartphonefilmfest.com\/African-Smartphone-International-Film-Festival\/wp-json\/wp\/v2\/media\/2387"}],"wp:attachment":[{"href":"https:\/\/africansmartphonefilmfest.com\/African-Smartphone-International-Film-Festival\/wp-json\/wp\/v2\/media?parent=2386"}],"curies":[{"name":"wp","href":"https:\/\/api.w.org\/{rel}","templated":true}]}}