{"id":4048,"date":"2025-12-13T22:32:57","date_gmt":"2025-12-13T22:32:57","guid":{"rendered":"https:\/\/africansmartphonefilmfest.com\/African-Smartphone-International-Film-Festival\/?page_id=4048"},"modified":"2025-12-14T00:25:59","modified_gmt":"2025-12-14T00:25:59","slug":"film-schedule-3","status":"publish","type":"page","link":"https:\/\/africansmartphonefilmfest.com\/African-Smartphone-International-Film-Festival\/film-schedule-3\/","title":{"rendered":"FILM SCHEDULE"},"content":{"rendered":"\n<h3 class=\"wp-block-heading has-background\" style=\"background-color:#c93d3d\"><strong>DAY 4 \u2013 Features + Awards<\/strong><\/h3>\n\n\n\n<h4 class=\"wp-block-heading has-blue-background-color has-background\"><strong>December 21, 2025<\/strong><\/h4>\n\n\n\n<hr class=\"wp-block-separator has-alpha-channel-opacity\"\/>\n\n\n\n<h2 class=\"wp-block-heading\"><strong>Morning Screening<\/strong>&#8211; 10:00 AM \u2013 1:30 PM<\/h2>\n\n\n\n<p class=\"has-orange-background-color has-background\"><strong>Ogre Reduction (Japan)<br>Director: Omorikenichi<br>Runtime: 01:14:01<br><a href=\"https:\/\/youtu.be\/ktHa8XYQssY\">Trailer<\/a><\/strong><\/p>\n\n\n\n<p class=\"has-green-background-color has-background\"><strong>SABBATH (Nigeria)<br>Director: Oladipo O-Fresh<br>Runtime: 01:59:00<br><a href=\"https:\/\/youtu.be\/zggu7iGUbQw\">Trailer<\/a><\/strong><\/p>\n\n\n\n<p class=\"has-orange-background-color has-background\"><strong>Water Vapor (Brazil)<br>Director: Martin Haag<br>Runtime: 00:45:00<br><a href=\"https:\/\/youtu.be\/ff2Iq9Ou5Eo\">Trailer<\/a><\/strong><\/p>\n\n\n\n<h5 class=\"wp-block-heading has-blue-background-color has-background\"><strong>Q&amp;A&#8217;s \/ Industry Sessions <\/strong><\/h5>\n\n\n\n<hr class=\"wp-block-separator has-alpha-channel-opacity\"\/>\n\n\n\n<h2 class=\"wp-block-heading\"><strong>Afternoon Screening<\/strong>&#8211; 2:00 PM- 4:00 PM<\/h2>\n\n\n\n<p class=\"has-green-background-color has-background\"><strong>La Qu\u00eate (France)<br>Director: Jean-Baptiste Bagaria<br>Runtime: 01:36:00<br><a href=\"https:\/\/vimeo.com\/manage\/videos\/989067718\">Trailer<\/a><\/strong><\/p>\n\n\n\n<p class=\"has-orange-background-color has-background\"><strong>Panafricano (Colombia, Ghana, Spain)<br>Director: Antumi Toasije<br>Runtime: 01:21:31<\/strong><\/p>\n\n\n\n<p class=\"has-green-background-color has-background\"><strong>Road to Hell (\u00daZ\u00d3ND\u00da) (Nigeria)<br>Director: Kelechi Emmanuel Eze<br>Runtime: 00:57:43<\/strong><\/p>\n\n\n\n<h5 class=\"wp-block-heading has-blue-background-color has-background\"><strong>Q&amp;A&#8217;s \/ Industry Sessions <\/strong><\/h5>\n\n\n\n<hr class=\"wp-block-separator has-alpha-channel-opacity\"\/>\n\n\n\n<h2 class=\"wp-block-heading\"><strong>Night Screening<\/strong>&#8211; 6:30 PM &#8211; 8:00 PM<\/h2>\n\n\n\n<p class=\"has-orange-background-color has-background\"><strong>Cupid Saw the Star (India)<br>Director: Adhithya Baby<br>Runtime: 01:25:57<\/strong><\/p>\n\n\n\n<p class=\"has-green-background-color has-background\"><strong>Feydoos (Iran, Islamic Republic of)<br>Director: Sarah Abedi<br>Runtime: 00:59:13<\/strong><\/p>\n\n\n\n<p class=\"has-orange-background-color has-background\"><strong>Samar.. Before The Final Picture (Egypt)<br>Director: Aya Tallah Yusuf Ellboudy<br>Runtime: 01:22:07<\/strong><\/p>\n\n\n\n<hr class=\"wp-block-separator has-alpha-channel-opacity\"\/>\n\n\n\n<h3 class=\"wp-block-heading has-background\" style=\"background-color:#e32be3\"><strong>Awards &amp; Closing Session<\/strong>&#8211;    9:00 PM- 11:59 PM <\/h3>\n","protected":false},"excerpt":{"rendered":"<p>DAY 4 \u2013 Features + Awards December 21, 2025 Morning Screening&#8211; 10:00 AM \u2013 1:30 PM Ogre Reduction (Japan)Director: OmorikenichiRuntime: 01:14:01Trailer SABBATH (Nigeria)Director: Oladipo O-FreshRuntime: [&hellip;]<\/p>\n","protected":false},"author":1,"featured_media":4089,"parent":0,"menu_order":0,"comment_status":"closed","ping_status":"closed","template":"","meta":{"footnotes":""},"class_list":["post-4048","page","type-page","status-publish","has-post-thumbnail","hentry"],"_links":{"self":[{"href":"https:\/\/africansmartphonefilmfest.com\/African-Smartphone-International-Film-Festival\/wp-json\/wp\/v2\/pages\/4048","targetHints":{"allow":["GET"]}}],"collection":[{"href":"https:\/\/africansmartphonefilmfest.com\/African-Smartphone-International-Film-Festival\/wp-json\/wp\/v2\/pages"}],"about":[{"href":"https:\/\/africansmartphonefilmfest.com\/African-Smartphone-International-Film-Festival\/wp-json\/wp\/v2\/types\/page"}],"author":[{"embeddable":true,"href":"https:\/\/africansmartphonefilmfest.com\/African-Smartphone-International-Film-Festival\/wp-json\/wp\/v2\/users\/1"}],"replies":[{"embeddable":true,"href":"https:\/\/africansmartphonefilmfest.com\/African-Smartphone-International-Film-Festival\/wp-json\/wp\/v2\/comments?post=4048"}],"version-history":[{"count":7,"href":"https:\/\/africansmartphonefilmfest.com\/African-Smartphone-International-Film-Festival\/wp-json\/wp\/v2\/pages\/4048\/revisions"}],"predecessor-version":[{"id":4115,"href":"https:\/\/africansmartphonefilmfest.com\/African-Smartphone-International-Film-Festival\/wp-json\/wp\/v2\/pages\/4048\/revisions\/4115"}],"wp:featuredmedia":[{"embeddable":true,"href":"https:\/\/africansmartphonefilmfest.com\/African-Smartphone-International-Film-Festival\/wp-json\/wp\/v2\/media\/4089"}],"wp:attachment":[{"href":"https:\/\/africansmartphonefilmfest.com\/African-Smartphone-International-Film-Festival\/wp-json\/wp\/v2\/media?parent=4048"}],"curies":[{"name":"wp","href":"https:\/\/api.w.org\/{rel}","templated":true}]}}